{"id":21350,"date":"2023-08-11T18:22:25","date_gmt":"2023-08-11T18:22:25","guid":{"rendered":"https:\/\/punta-cana.us\/propiedades\/"},"modified":"2023-10-02T15:22:12","modified_gmt":"2023-10-02T15:22:12","slug":"propiedades","status":"publish","type":"page","link":"https:\/\/punta-cana.us\/es\/propiedades\/","title":{"rendered":"Todas las propiedades"},"content":{"rendered":"\n<p>Descubra Punta Cana Real Estate: Todas las propiedades en venta. Explore una completa colecci\u00f3n de listados inmobiliarios en Punta Cana, que ofrecen una diversa gama de propiedades en venta. Desde lujosas villas en primera l\u00ednea de playa hasta encantadores condominios y estrat\u00e9gicas oportunidades de inversi\u00f3n, nuestros listados abarcan todo el espectro del mercado inmobiliario de Punta Cana. Empiece hoy mismo su viaje para encontrar su propiedad ideal en este para\u00edso tropical.<\/p>\n","protected":false},"excerpt":{"rendered":"<p>Descubra Punta Cana Real Estate: Todas las propiedades en venta. Explore una completa colecci\u00f3n de listados inmobiliarios en Punta Cana, que ofrecen una diversa gama de propiedades en venta. Desde lujosas villas en primera l\u00ednea de playa hasta encantadores condominios y estrat\u00e9gicas oportunidades de inversi\u00f3n, nuestros listados abarcan todo el espectro del mercado inmobiliario de [&hellip;]<\/p>\n","protected":false},"author":1,"featured_media":0,"parent":0,"menu_order":0,"comment_status":"closed","ping_status":"closed","template":"template\/template-listing-list-v7.php","meta":{"footnotes":""},"class_list":["post-21350","page","type-page","status-publish","hentry"],"yoast_head":"<!-- This site is optimized with the Yoast SEO plugin v27.4 - https:\/\/yoast.com\/product\/yoast-seo-wordpress\/ -->\n<title>Todas las propiedades En venta | Trust Realty<\/title>\n<meta name=\"description\" content=\"Encuentre la casa de sus sue\u00f1os en Punta Cana con la extensa lista de propiedades en venta de Trust Realty. Descubra apartamentos en primera l\u00ednea de playa, villas de lujo, terrenos y mucho m\u00e1s en este para\u00edso tropical.\" \/>\n<meta name=\"robots\" content=\"index, follow, max-snippet:-1, max-image-preview:large, max-video-preview:-1\" \/>\n<link rel=\"canonical\" href=\"https:\/\/punta-cana.us\/es\/propiedades\/\" \/>\n<meta property=\"og:locale\" content=\"es_ES\" \/>\n<meta property=\"og:type\" content=\"article\" \/>\n<meta property=\"og:title\" content=\"Propiedades en Punta Cana - Tu Hogar Ideal Te Espera\" \/>\n<meta property=\"og:description\" content=\"Villas y condominios en Punta Cana. Oportunidades \u00fanicas de inversi\u00f3n.\" \/>\n<meta property=\"og:url\" content=\"https:\/\/punta-cana.us\/es\/propiedades\/\" \/>\n<meta property=\"og:site_name\" content=\"Trust Realty\" \/>\n<meta property=\"article:modified_time\" content=\"2023-10-02T15:22:12+00:00\" \/>\n<meta property=\"og:image\" content=\"https:\/\/punta-cana.us\/wp-content\/uploads\/2023\/10\/bavaro-punta-cana.jpg\" \/>\n\t<meta property=\"og:image:width\" content=\"668\" \/>\n\t<meta property=\"og:image:height\" content=\"450\" \/>\n\t<meta property=\"og:image:type\" content=\"image\/jpeg\" \/>\n<meta name=\"twitter:card\" content=\"summary_large_image\" \/>\n<meta name=\"twitter:title\" content=\"Propiedades en Punta Cana - Tu Hogar Ideal Te Espera\" \/>\n<meta name=\"twitter:description\" content=\"Villas y condominios en Punta Cana. Oportunidades \u00fanicas de inversi\u00f3n.\" \/>\n<meta name=\"twitter:label1\" content=\"Tiempo de lectura\" \/>\n\t<meta name=\"twitter:data1\" content=\"1 minuto\" \/>\n<script type=\"application\/ld+json\" class=\"yoast-schema-graph\">{\"@context\":\"https:\\\/\\\/schema.org\",\"@graph\":[{\"@type\":\"WebPage\",\"@id\":\"https:\\\/\\\/punta-cana.us\\\/es\\\/propiedades\\\/\",\"url\":\"https:\\\/\\\/punta-cana.us\\\/es\\\/propiedades\\\/\",\"name\":\"Todas las propiedades En venta | Trust Realty\",\"isPartOf\":{\"@id\":\"https:\\\/\\\/punta-cana.us\\\/es\\\/#website\"},\"datePublished\":\"2023-08-11T18:22:25+00:00\",\"dateModified\":\"2023-10-02T15:22:12+00:00\",\"description\":\"Encuentre la casa de sus sue\u00f1os en Punta Cana con la extensa lista de propiedades en venta de Trust Realty. Descubra apartamentos en primera l\u00ednea de playa, villas de lujo, terrenos y mucho m\u00e1s en este para\u00edso tropical.\",\"breadcrumb\":{\"@id\":\"https:\\\/\\\/punta-cana.us\\\/es\\\/propiedades\\\/#breadcrumb\"},\"inLanguage\":\"es\",\"potentialAction\":[{\"@type\":\"ReadAction\",\"target\":[\"https:\\\/\\\/punta-cana.us\\\/es\\\/propiedades\\\/\"]}]},{\"@type\":\"BreadcrumbList\",\"@id\":\"https:\\\/\\\/punta-cana.us\\\/es\\\/propiedades\\\/#breadcrumb\",\"itemListElement\":[{\"@type\":\"ListItem\",\"position\":1,\"name\":\"Home\",\"item\":\"https:\\\/\\\/punta-cana.us\\\/es\\\/\"},{\"@type\":\"ListItem\",\"position\":2,\"name\":\"Todas las propiedades\"}]},{\"@type\":\"WebSite\",\"@id\":\"https:\\\/\\\/punta-cana.us\\\/es\\\/#website\",\"url\":\"https:\\\/\\\/punta-cana.us\\\/es\\\/\",\"name\":\"Trust Realty\",\"description\":\"Punta Cana Real Estate\",\"publisher\":{\"@id\":\"https:\\\/\\\/punta-cana.us\\\/es\\\/#organization\"},\"potentialAction\":[{\"@type\":\"SearchAction\",\"target\":{\"@type\":\"EntryPoint\",\"urlTemplate\":\"https:\\\/\\\/punta-cana.us\\\/es\\\/?s={search_term_string}\"},\"query-input\":{\"@type\":\"PropertyValueSpecification\",\"valueRequired\":true,\"valueName\":\"search_term_string\"}}],\"inLanguage\":\"es\"},{\"@type\":\"Organization\",\"@id\":\"https:\\\/\\\/punta-cana.us\\\/es\\\/#organization\",\"name\":\"Trust Realty\",\"url\":\"https:\\\/\\\/punta-cana.us\\\/es\\\/\",\"logo\":{\"@type\":\"ImageObject\",\"inLanguage\":\"es\",\"@id\":\"https:\\\/\\\/punta-cana.us\\\/es\\\/#\\\/schema\\\/logo\\\/image\\\/\",\"url\":\"https:\\\/\\\/punta-cana.us\\\/wp-content\\\/uploads\\\/2023\\\/09\\\/ttt-mobile-dr.png\",\"contentUrl\":\"https:\\\/\\\/punta-cana.us\\\/wp-content\\\/uploads\\\/2023\\\/09\\\/ttt-mobile-dr.png\",\"width\":875,\"height\":193,\"caption\":\"Trust Realty\"},\"image\":{\"@id\":\"https:\\\/\\\/punta-cana.us\\\/es\\\/#\\\/schema\\\/logo\\\/image\\\/\"}}]}<\/script>\n<!-- \/ Yoast SEO plugin. -->","yoast_head_json":{"title":"Todas las propiedades En venta | Trust Realty","description":"Encuentre la casa de sus sue\u00f1os en Punta Cana con la extensa lista de propiedades en venta de Trust Realty. Descubra apartamentos en primera l\u00ednea de playa, villas de lujo, terrenos y mucho m\u00e1s en este para\u00edso tropical.","robots":{"index":"index","follow":"follow","max-snippet":"max-snippet:-1","max-image-preview":"max-image-preview:large","max-video-preview":"max-video-preview:-1"},"canonical":"https:\/\/punta-cana.us\/es\/propiedades\/","og_locale":"es_ES","og_type":"article","og_title":"Propiedades en Punta Cana - Tu Hogar Ideal Te Espera","og_description":"Villas y condominios en Punta Cana. Oportunidades \u00fanicas de inversi\u00f3n.","og_url":"https:\/\/punta-cana.us\/es\/propiedades\/","og_site_name":"Trust Realty","article_modified_time":"2023-10-02T15:22:12+00:00","og_image":[{"width":668,"height":450,"url":"https:\/\/punta-cana.us\/wp-content\/uploads\/2023\/10\/bavaro-punta-cana.jpg","type":"image\/jpeg"}],"twitter_card":"summary_large_image","twitter_title":"Propiedades en Punta Cana - Tu Hogar Ideal Te Espera","twitter_description":"Villas y condominios en Punta Cana. Oportunidades \u00fanicas de inversi\u00f3n.","twitter_misc":{"Tiempo de lectura":"1 minuto"},"schema":{"@context":"https:\/\/schema.org","@graph":[{"@type":"WebPage","@id":"https:\/\/punta-cana.us\/es\/propiedades\/","url":"https:\/\/punta-cana.us\/es\/propiedades\/","name":"Todas las propiedades En venta | Trust Realty","isPartOf":{"@id":"https:\/\/punta-cana.us\/es\/#website"},"datePublished":"2023-08-11T18:22:25+00:00","dateModified":"2023-10-02T15:22:12+00:00","description":"Encuentre la casa de sus sue\u00f1os en Punta Cana con la extensa lista de propiedades en venta de Trust Realty. Descubra apartamentos en primera l\u00ednea de playa, villas de lujo, terrenos y mucho m\u00e1s en este para\u00edso tropical.","breadcrumb":{"@id":"https:\/\/punta-cana.us\/es\/propiedades\/#breadcrumb"},"inLanguage":"es","potentialAction":[{"@type":"ReadAction","target":["https:\/\/punta-cana.us\/es\/propiedades\/"]}]},{"@type":"BreadcrumbList","@id":"https:\/\/punta-cana.us\/es\/propiedades\/#breadcrumb","itemListElement":[{"@type":"ListItem","position":1,"name":"Home","item":"https:\/\/punta-cana.us\/es\/"},{"@type":"ListItem","position":2,"name":"Todas las propiedades"}]},{"@type":"WebSite","@id":"https:\/\/punta-cana.us\/es\/#website","url":"https:\/\/punta-cana.us\/es\/","name":"Trust Realty","description":"Punta Cana Real Estate","publisher":{"@id":"https:\/\/punta-cana.us\/es\/#organization"},"potentialAction":[{"@type":"SearchAction","target":{"@type":"EntryPoint","urlTemplate":"https:\/\/punta-cana.us\/es\/?s={search_term_string}"},"query-input":{"@type":"PropertyValueSpecification","valueRequired":true,"valueName":"search_term_string"}}],"inLanguage":"es"},{"@type":"Organization","@id":"https:\/\/punta-cana.us\/es\/#organization","name":"Trust Realty","url":"https:\/\/punta-cana.us\/es\/","logo":{"@type":"ImageObject","inLanguage":"es","@id":"https:\/\/punta-cana.us\/es\/#\/schema\/logo\/image\/","url":"https:\/\/punta-cana.us\/wp-content\/uploads\/2023\/09\/ttt-mobile-dr.png","contentUrl":"https:\/\/punta-cana.us\/wp-content\/uploads\/2023\/09\/ttt-mobile-dr.png","width":875,"height":193,"caption":"Trust Realty"},"image":{"@id":"https:\/\/punta-cana.us\/es\/#\/schema\/logo\/image\/"}}]}},"_links":{"self":[{"href":"https:\/\/punta-cana.us\/es\/wp-json\/wp\/v2\/pages\/21350","targetHints":{"allow":["GET"]}}],"collection":[{"href":"https:\/\/punta-cana.us\/es\/wp-json\/wp\/v2\/pages"}],"about":[{"href":"https:\/\/punta-cana.us\/es\/wp-json\/wp\/v2\/types\/page"}],"author":[{"embeddable":true,"href":"https:\/\/punta-cana.us\/es\/wp-json\/wp\/v2\/users\/1"}],"replies":[{"embeddable":true,"href":"https:\/\/punta-cana.us\/es\/wp-json\/wp\/v2\/comments?post=21350"}],"version-history":[{"count":1,"href":"https:\/\/punta-cana.us\/es\/wp-json\/wp\/v2\/pages\/21350\/revisions"}],"predecessor-version":[{"id":25850,"href":"https:\/\/punta-cana.us\/es\/wp-json\/wp\/v2\/pages\/21350\/revisions\/25850"}],"wp:attachment":[{"href":"https:\/\/punta-cana.us\/es\/wp-json\/wp\/v2\/media?parent=21350"}],"curies":[{"name":"wp","href":"https:\/\/api.w.org\/{rel}","templated":true}]}}