{"id":21356,"date":"2020-03-02T10:27:05","date_gmt":"2020-03-02T10:27:05","guid":{"rendered":"https:\/\/punta-cana.us\/pongase-en-contacto-con\/"},"modified":"2023-09-29T21:35:06","modified_gmt":"2023-09-29T21:35:06","slug":"pongase-en-contacto-con","status":"publish","type":"page","link":"https:\/\/punta-cana.us\/es\/pongase-en-contacto-con\/","title":{"rendered":"Contacto"},"content":{"rendered":"\t\t<div data-elementor-type=\"wp-page\" data-elementor-id=\"21356\" class=\"elementor elementor-21356 elementor-16941\">\n\t\t\t\t\t\t<section class=\"elementor-section elementor-top-section elementor-element elementor-element-125aa3d elementor-section-height-min-height animated-slow elementor-section-boxed elementor-section-height-default elementor-section-items-middle elementor-invisible\" data-id=\"125aa3d\" data-element_type=\"section\" data-e-type=\"section\" data-settings=\"{&quot;background_background&quot;:&quot;classic&quot;,&quot;animation&quot;:&quot;fadeIn&quot;}\">\n\t\t\t\t\t\t\t<div class=\"elementor-background-overlay\"><\/div>\n\t\t\t\t\t\t\t<div class=\"elementor-container elementor-column-gap-default\">\n\t\t\t\t\t<div class=\"elementor-column elementor-col-100 elementor-top-column elementor-element elementor-element-3b3a0df\" data-id=\"3b3a0df\" data-element_type=\"column\" data-e-type=\"column\">\n\t\t\t<div class=\"elementor-widget-wrap elementor-element-populated\">\n\t\t\t\t\t\t<div class=\"elementor-element elementor-element-1bdf606 elementor-widget elementor-widget-heading\" data-id=\"1bdf606\" data-element_type=\"widget\" data-e-type=\"widget\" data-widget_type=\"heading.default\">\n\t\t\t\t<div class=\"elementor-widget-container\">\n\t\t\t\t\t<h1 class=\"elementor-heading-title elementor-size-default\">P\u00f3ngase en contacto con nosotros<\/h1>\t\t\t\t<\/div>\n\t\t\t\t<\/div>\n\t\t\t\t\t<\/div>\n\t\t<\/div>\n\t\t\t\t\t<\/div>\n\t\t<\/section>\n\t\t\t\t<section class=\"elementor-section elementor-top-section elementor-element elementor-element-5ec2734 elementor-section-boxed elementor-section-height-default elementor-section-height-default\" data-id=\"5ec2734\" data-element_type=\"section\" data-e-type=\"section\">\n\t\t\t\t\t\t<div class=\"elementor-container elementor-column-gap-default\">\n\t\t\t\t\t<div class=\"elementor-column elementor-col-100 elementor-top-column elementor-element elementor-element-e1bd41f\" data-id=\"e1bd41f\" data-element_type=\"column\" data-e-type=\"column\">\n\t\t\t<div class=\"elementor-widget-wrap\">\n\t\t\t\t\t\t\t<\/div>\n\t\t<\/div>\n\t\t\t\t\t<\/div>\n\t\t<\/section>\n\t\t\t\t<section class=\"elementor-section elementor-top-section elementor-element elementor-element-d0b02e7 elementor-section-content-top animated-slow elementor-section-boxed elementor-section-height-default elementor-section-height-default elementor-invisible\" data-id=\"d0b02e7\" data-element_type=\"section\" data-e-type=\"section\" data-settings=\"{&quot;animation&quot;:&quot;fadeIn&quot;}\">\n\t\t\t\t\t\t<div class=\"elementor-container elementor-column-gap-default\">\n\t\t\t\t\t<div class=\"elementor-column elementor-col-50 elementor-top-column elementor-element elementor-element-3139327\" data-id=\"3139327\" data-element_type=\"column\" data-e-type=\"column\" data-settings=\"{&quot;background_background&quot;:&quot;classic&quot;}\">\n\t\t\t<div class=\"elementor-widget-wrap elementor-element-populated\">\n\t\t\t\t\t\t<div class=\"elementor-element elementor-element-49cbafe elementor-widget elementor-widget-houzez_elementor_space\" data-id=\"49cbafe\" data-element_type=\"widget\" data-e-type=\"widget\" data-widget_type=\"houzez_elementor_space.default\">\n\t\t\t\t<div class=\"elementor-widget-container\">\n\t\t\t\t\t        <div class=\"houzez-spacer\">\n            <div class=\"houzez-spacer-inner\"><\/div>\n        <\/div>\n        \t\t\t\t<\/div>\n\t\t\t\t<\/div>\n\t\t\t\t<div class=\"elementor-element elementor-element-8ff1404 elementor-widget elementor-widget-text-editor\" data-id=\"8ff1404\" data-element_type=\"widget\" data-e-type=\"widget\" data-widget_type=\"text-editor.default\">\n\t\t\t\t<div class=\"elementor-widget-container\">\n\t\t\t\t\t\t\t\t\t<p>Si usted est\u00e1 interesado en la compra o venta de bienes ra\u00edces en Punta Cana, estamos aqu\u00ed para ofrecer nuestra ayuda dedicada. No dude en ponerse en contacto con nosotros a trav\u00e9s del siguiente formulario y tendr\u00e1 la oportunidad de ponerse en contacto con Andy Schlenker, que le guiar\u00e1 a lo largo del proceso.  <\/p>\n\t\t\t\t\t\t\t\t<\/div>\n\t\t\t\t<\/div>\n\t\t\t\t<div class=\"elementor-element elementor-element-f4a5b85 elementor-button-align-stretch elementor-widget elementor-widget-houzez_elementor_contact_form\" data-id=\"f4a5b85\" data-element_type=\"widget\" data-e-type=\"widget\" data-widget_type=\"houzez_elementor_contact_form.default\">\n\t\t\t\t<div class=\"elementor-widget-container\">\n\t\t\t\t\t\n        <script type=\"application\/javascript\">\n            jQuery(document).bind(\"ready\", function () {\n                houzezValidateElementor(\"#houzez-form-f4a5b85\" );\n            });\n        <\/script>\n\n        <form class=\"elementor-form\" id=\"houzez-form-f4a5b85\" method=\"post\" name=\"Nuevo formulario\" action=\"https:\/\/punta-cana.us\/wp-admin\/admin-ajax.php\">\n            <input type=\"hidden\" name=\"form_id\" value=\"f4a5b85\"\/>\n            <input type=\"hidden\" name=\"houzez_contact_form\" value=\"yes\"\/>\n            <input type=\"hidden\" name=\"action\" value=\"houzez_ele_contact_form\" \/>\n            <input type=\"hidden\" name=\"source_link\" value=\"https:\/\/punta-cana.us\/es\/pongase-en-contacto-con\/\" \/>\n            <input type=\"hidden\" name=\"lead_page_id\" value=\"21356\" \/>\n            <input type=\"hidden\" name=\"email_to\" value=\"hello@favethemes.com\" \/>\n            <input type=\"hidden\" name=\"email_subject\" value=\"New message from &quot;Houzez 01&quot;\" \/>\n            <input type=\"hidden\" name=\"email_to_cc\" value=\"\" \/>\n            <input type=\"hidden\" name=\"email_to_bcc\" value=\"\" \/>\n            <input type=\"hidden\" name=\"webhook\" value=\"false\" \/>\n            <input type=\"hidden\" name=\"webhook_url\" value=\"\" \/>\n            <input type=\"hidden\" name=\"redirect_to\" value=\"\" \/>\n            <input type=\"hidden\" name=\"google_recaptcha\" value=\"false\" \/>\n            \n\n            <div class=\"elementor-form-fields-wrapper elementor-labels-above\">\n\n                                    <div class=\"elementor-field-group elementor-column form-group elementor-field-group-name elementor-col-50 elementor-field-required elementor-mark-required\">\n                    <label for=\"form-field-name\" class=\"elementor-field-label\">Nombre<\/label><input type=\"text\" name=\"first_name\" id=\"form-field-name\" class=\"elementor-field form-control elementor-size-sm elementor-field-textual\" placeholder=\"Introduzca su nombre\" title=\"* Nombre\" required=\"required\">                    <\/div>\n\n                                        <div class=\"elementor-field-group elementor-column form-group elementor-field-group-bf18955 elementor-col-50 elementor-field-required elementor-mark-required\">\n                    <label for=\"form-field-bf18955\" class=\"elementor-field-label\">Apellido<\/label><input type=\"text\" name=\"last_name\" id=\"form-field-bf18955\" class=\"elementor-field form-control elementor-size-sm elementor-field-textual\" placeholder=\"Introduzca su apellido\" title=\"* Apellido\" required=\"required\">                    <\/div>\n\n                                        <div class=\"elementor-field-group elementor-column form-group elementor-field-group-email elementor-col-100 elementor-field-required elementor-mark-required\">\n                    <label for=\"form-field-email\" class=\"elementor-field-label\">Correo electr\u00f3nico<\/label><input type=\"email\" name=\"email\" id=\"form-field-email\" class=\"elementor-field form-control elementor-size-sm elementor-field-textual\" placeholder=\"Correo electr\u00f3nico\" title=\"* Correo electr\u00f3nico\" required=\"required\">                    <\/div>\n\n                                        <div class=\"elementor-field-group elementor-column form-group elementor-field-group-message elementor-col-100 elementor-field-required elementor-mark-required\">\n                    <label for=\"form-field-message\" class=\"elementor-field-label\">Mensaje<\/label><textarea class=\"elementor-field-textual elementor-field elementor-size-sm\" name=\"message\" id=\"form-field-message\" rows=\"4\" placeholder=\"Mensaje\" required=\"required\" title=\"* Mensaje\"><\/textarea>                    <\/div>\n\n                    \n                    \n                    \n                    <div class=\"elementor-field-group elementor-column elementor-field-type-submit elementor-col-100\">\n                    <button type=\"submit\" class=\"btn houzez-submit-button houzez-contact-form-js elementor-button elementor-size-sm\">\n                        <i class=\"btn-loader houzez-loader-js\"><\/i>\n                                                    Submit                                            <\/button>\n                <\/div>\n            <\/div><!-- End wrapper-->\n            <br\/>\n            <div class=\"ele-form-messages\"><\/div>\n            <div class=\"error-container\"><\/div>\n\n        <\/form>\n\n    \t\t\t\t<\/div>\n\t\t\t\t<\/div>\n\t\t\t\t\t<\/div>\n\t\t<\/div>\n\t\t\t\t<div class=\"elementor-column elementor-col-25 elementor-top-column elementor-element elementor-element-bd2c54b\" data-id=\"bd2c54b\" data-element_type=\"column\" data-e-type=\"column\">\n\t\t\t<div class=\"elementor-widget-wrap\">\n\t\t\t\t\t\t\t<\/div>\n\t\t<\/div>\n\t\t\t\t<div class=\"elementor-column elementor-col-25 elementor-top-column elementor-element elementor-element-66ddd7d\" data-id=\"66ddd7d\" data-element_type=\"column\" data-e-type=\"column\">\n\t\t\t<div class=\"elementor-widget-wrap elementor-element-populated\">\n\t\t\t\t\t\t<div class=\"elementor-element elementor-element-23057bd elementor-widget elementor-widget-text-editor\" data-id=\"23057bd\" data-element_type=\"widget\" data-e-type=\"widget\" data-widget_type=\"text-editor.default\">\n\t\t\t\t<div class=\"elementor-widget-container\">\n\t\t\t\t\t\t\t\t\t<p align=\"left\"><span style=\"color: #000080;\"><strong>  TRUST REALTY<\/strong><\/span><br \/>  Brisas de Punta Cana<br \/> Calle Principal n\u00ba 2<br \/>  B\u00e1varo, Rep\u00fablica Dominicana<br \/>  Tel\u00e9fono: (1) 800-717-0472 (gratuito)<br \/>  (1) 809-399-3251 (Directo)<br \/>  Correo electr\u00f3nico: <strong><br \/>\n  <a href=\"mailto:%20info@punta-cana.us\">info@punta-cana.us<\/a><br \/>\n<\/strong><br \/>  Web: <a title=\"Rep\u00fablica Dominicana Inmobiliaria\" href=\"https:\/\/www.punta-cana.us\/HomesAuthenticated.aspx?tabid=1550617\">www.punta-cana.us<\/a><\/p>\n<p align=\"left\">  USA Direcci\u00f3n postal:<br \/>  4406 NW 74TH AVE<br \/>  028-000365<br \/>  MIAMI, FL 33166-6443<\/p>\n<p><strong>  Principal<br \/>  Andy Schlenker  <br \/>  M\u00f3vil: (1) 809-399-3251<\/strong><br \/>  Correo electr\u00f3nico: <a href=\"mailto:andy@punta-cana.us\">andy@punta-cana.us<\/a><\/p>\n<p><strong>  Asistente<br \/>  Cristela Morales<br \/>  M\u00f3vil: (1) 809-757-1554<\/strong><br \/>  Correo electr\u00f3nico: <a href=\"mailto:cristel@punta-cana.us\">cristel@punta-cana.us<\/a><\/p><\/p>\n\t\t\t\t\t\t\t\t<\/div>\n\t\t\t\t<\/div>\n\t\t\t\t\t<\/div>\n\t\t<\/div>\n\t\t\t\t\t<\/div>\n\t\t<\/section>\n\t\t\t\t<section class=\"elementor-section elementor-top-section elementor-element elementor-element-ddbf539 elementor-section-boxed elementor-section-height-default elementor-section-height-default\" data-id=\"ddbf539\" data-element_type=\"section\" data-e-type=\"section\">\n\t\t\t\t\t\t<div class=\"elementor-container elementor-column-gap-default\">\n\t\t\t\t\t<div class=\"elementor-column elementor-col-100 elementor-top-column elementor-element elementor-element-84f5425\" data-id=\"84f5425\" data-element_type=\"column\" data-e-type=\"column\">\n\t\t\t<div class=\"elementor-widget-wrap elementor-element-populated\">\n\t\t\t\t\t\t<div class=\"elementor-element elementor-element-2d60a25 elementor-widget elementor-widget-text-editor\" data-id=\"2d60a25\" data-element_type=\"widget\" data-e-type=\"widget\" data-widget_type=\"text-editor.default\">\n\t\t\t\t<div class=\"elementor-widget-container\">\n\t\t\t\t\t\t\t\t\t<div class=\"flex-1 overflow-hidden\">\n<div class=\"react-scroll-to-bottom--css-elqfc-79elbk h-full dark:bg-gray-800\">\n<div class=\"react-scroll-to-bottom--css-elqfc-1n7m0yu\">\n<div class=\"flex flex-col text-sm dark:bg-gray-800\">\n<div class=\"group w-full text-token-text-primary border-b border-black\/10 dark:border-gray-900\/50 bg-gray-50 dark:bg-[#444654]\" data-testid=\"conversation-turn-10\">\n<div class=\"p-4 justify-center text-base md:gap-6 md:py-6 m-auto\">\n<div class=\"flex flex-1 gap-4 text-base mx-auto md:gap-6 md:max-w-2xl lg:max-w-[38rem] xl:max-w-3xl }\">\n<div class=\"relative flex w-[calc(100%-50px)] flex-col gap-1 md:gap-3 lg:w-[calc(100%-115px)]\">\n<div class=\"flex flex-grow flex-col gap-3 max-w-full\">\n<div class=\"min-h-[20px] flex flex-col items-start gap-3 overflow-x-auto whitespace-pre-wrap break-words\">\n<div class=\"markdown prose w-full break-words dark:prose-invert light\">\n<p>Acerca de Trust Realty<\/p>\n<p>Trust Realty es su socio dedicado para bienes ra\u00edces en la Rep\u00fablica Dominicana, especializada en una amplia gama de propiedades, incluyendo villas de lujo, casas familiares, condominios, fincas, terrenos y empresas que van desde Punta Cana a B\u00e1varo, Cap Cana, Macao, Uvero Alto, y varias otras regiones de toda la isla.<\/p>\n<p>Fundada por Andy Schlenker, Trust Realty cuenta con una impresionante trayectoria de 17 a\u00f1os como agente inmobiliario independiente al servicio de la costa este de la Rep\u00fablica Dominicana. Nos enorgullece enormemente nuestro compromiso inquebrantable de ofrecer un servicio excepcional a nuestros valiosos clientes. Tanto si desea abrazar el lujoso estilo de vida caribe\u00f1o, realizar una inversi\u00f3n inmobiliaria estrat\u00e9gica o alquilar una villa de vacaciones, estamos aqu\u00ed para ofrecerle la orientaci\u00f3n y el apoyo que necesita.<\/p>\n<p>En Trust Realty, su tranquilidad en sus decisiones inmobiliarias es primordial. Nos esforzamos por responder a todas sus preguntas y asegurarnos de que est\u00e9 bien informado en todo momento.<\/p>\n<p>Con fluidez en tres idiomas, incluyendo ingl\u00e9s, espa\u00f1ol y alem\u00e1n, Andy y el equipo poseen un profundo conocimiento de las leyes inmobiliarias locales. Adem\u00e1s, hemos cultivado s\u00f3lidas relaciones con reputados abogados locales, ofreci\u00e9ndole la seguridad de que sus transacciones se gestionar\u00e1n con la m\u00e1xima profesionalidad y pericia.<\/p>\n<p>Aprovechando nuestros 17 a\u00f1os de experiencia, nos dedicamos a compartir con nuestros clientes nuestra riqueza de sabidur\u00eda y conocimientos. Nuestra misi\u00f3n es superar constantemente sus expectativas y proporcionarle una experiencia inmobiliaria fluida y gratificante. Trust Realty se compromete a su satisfacci\u00f3n, y esperamos con inter\u00e9s servir a sus necesidades de bienes ra\u00edces.<\/p>\n<\/div>\n<\/div>\n<\/div>\n<div class=\"flex justify-between lg:block\">\n<div class=\"text-gray-400 flex self-end lg:self-center justify-center mt-2 gap-2 md:gap-3 lg:gap-1 lg:absolute lg:top-0 lg:translate-x-full lg:right-0 lg:mt-0 lg:pl-2 visible\">\n<div class=\"flex gap-1\"> <\/div>\n<\/div>\n<\/div>\n<\/div>\n<\/div>\n<\/div>\n<\/div>\n<div class=\"h-32 md:h-48 flex-shrink-0\"> <\/div>\n<\/div>\n<\/div>\n<\/div>\n<\/div>\n<div class=\"absolute bottom-0 left-0 w-full border-t md:border-t-0 dark:border-white\/20 md:border-transparent md:dark:border-transparent md:bg-vert-light-gradient bg-white dark:bg-gray-800 md:!bg-transparent dark:md:bg-vert-dark-gradient pt-2 md:pl-2 md:w-[calc(100%-.5rem)]\">\n<form class=\"stretch mx-2 flex flex-row gap-3 last:mb-2 md:mx-4 md:last:mb-6 lg:mx-auto lg:max-w-2xl xl:max-w-3xl\">\n<div class=\"relative flex h-full flex-1 items-stretch md:flex-col\">\n<div>\n<div class=\"h-full flex ml-1 md:w-full md:m-auto md:mb-4 gap-0 md:gap-2 justify-center\"> <\/div>\n<\/div>\n<\/div>\n<\/form>\n<\/div>\n\t\t\t\t\t\t\t\t<\/div>\n\t\t\t\t<\/div>\n\t\t\t\t\t<\/div>\n\t\t<\/div>\n\t\t\t\t\t<\/div>\n\t\t<\/section>\n\t\t\t\t<\/div>\n\t\t","protected":false},"excerpt":{"rendered":"<p>P\u00f3ngase en contacto con nosotros Si usted est\u00e1 interesado en la compra o venta de bienes ra\u00edces en Punta Cana, estamos aqu\u00ed para ofrecer nuestra ayuda dedicada. No dude en ponerse en contacto con nosotros a trav\u00e9s del siguiente formulario y tendr\u00e1 la oportunidad de ponerse en contacto con Andy Schlenker, que le guiar\u00e1 a [&hellip;]<\/p>\n","protected":false},"author":1,"featured_media":0,"parent":0,"menu_order":0,"comment_status":"closed","ping_status":"closed","template":"template\/template-homepage.php","meta":{"footnotes":""},"class_list":["post-21356","page","type-page","status-publish","hentry"],"yoast_head":"<!-- This site is optimized with the Yoast SEO plugin v27.4 - https:\/\/yoast.com\/product\/yoast-seo-wordpress\/ -->\n<title>Contacto Trust Realty Punta Cana<\/title>\n<meta name=\"description\" content=\"Descubra la inmobiliaria local y encuentre la propiedad perfecta en Punta Cana gracias a Trust Realty. Contacte con Andy Schlenker para sus necesidades inmobiliarias en la Rep\u00fablica Dominicana. P\u00f3ngase en contacto con Trust Realty hoy mismo.\" \/>\n<meta name=\"robots\" content=\"index, follow, max-snippet:-1, max-image-preview:large, max-video-preview:-1\" \/>\n<link rel=\"canonical\" href=\"https:\/\/punta-cana.us\/es\/pongase-en-contacto-con\/\" \/>\n<meta property=\"og:locale\" content=\"es_ES\" \/>\n<meta property=\"og:type\" content=\"article\" \/>\n<meta property=\"og:title\" content=\"Contacto Trust Realty - Tu Socio en Bienes Ra\u00edces\" \/>\n<meta property=\"og:description\" content=\"Asesor\u00eda experta en bienes ra\u00edces en Punta Cana. Cont\u00e1ctanos.\" \/>\n<meta property=\"og:url\" content=\"https:\/\/punta-cana.us\/es\/pongase-en-contacto-con\/\" \/>\n<meta property=\"og:site_name\" content=\"Trust Realty\" \/>\n<meta property=\"article:modified_time\" content=\"2023-09-29T21:35:06+00:00\" \/>\n<meta property=\"og:image\" content=\"https:\/\/punta-cana.us\/wp-content\/uploads\/2023\/10\/bavaro-punta-cana.jpg\" \/>\n\t<meta property=\"og:image:width\" content=\"668\" \/>\n\t<meta property=\"og:image:height\" content=\"450\" \/>\n\t<meta property=\"og:image:type\" content=\"image\/jpeg\" \/>\n<meta name=\"twitter:card\" content=\"summary_large_image\" \/>\n<meta name=\"twitter:title\" content=\"Contacto Trust Realty - Tu Socio en Bienes Ra\u00edces\" \/>\n<meta name=\"twitter:description\" content=\"Asesor\u00eda experta en bienes ra\u00edces en Punta Cana. Cont\u00e1ctanos.\" \/>\n<meta name=\"twitter:label1\" content=\"Tiempo de lectura\" \/>\n\t<meta name=\"twitter:data1\" content=\"2 minutos\" \/>\n<script type=\"application\/ld+json\" class=\"yoast-schema-graph\">{\"@context\":\"https:\\\/\\\/schema.org\",\"@graph\":[{\"@type\":\"WebPage\",\"@id\":\"https:\\\/\\\/punta-cana.us\\\/es\\\/pongase-en-contacto-con\\\/\",\"url\":\"https:\\\/\\\/punta-cana.us\\\/es\\\/pongase-en-contacto-con\\\/\",\"name\":\"Contacto Trust Realty Punta Cana\",\"isPartOf\":{\"@id\":\"https:\\\/\\\/punta-cana.us\\\/es\\\/#website\"},\"datePublished\":\"2020-03-02T10:27:05+00:00\",\"dateModified\":\"2023-09-29T21:35:06+00:00\",\"description\":\"Descubra la inmobiliaria local y encuentre la propiedad perfecta en Punta Cana gracias a Trust Realty. Contacte con Andy Schlenker para sus necesidades inmobiliarias en la Rep\u00fablica Dominicana. P\u00f3ngase en contacto con Trust Realty hoy mismo.\",\"breadcrumb\":{\"@id\":\"https:\\\/\\\/punta-cana.us\\\/es\\\/pongase-en-contacto-con\\\/#breadcrumb\"},\"inLanguage\":\"es\",\"potentialAction\":[{\"@type\":\"ReadAction\",\"target\":[\"https:\\\/\\\/punta-cana.us\\\/es\\\/pongase-en-contacto-con\\\/\"]}]},{\"@type\":\"BreadcrumbList\",\"@id\":\"https:\\\/\\\/punta-cana.us\\\/es\\\/pongase-en-contacto-con\\\/#breadcrumb\",\"itemListElement\":[{\"@type\":\"ListItem\",\"position\":1,\"name\":\"Home\",\"item\":\"https:\\\/\\\/punta-cana.us\\\/es\\\/\"},{\"@type\":\"ListItem\",\"position\":2,\"name\":\"Contacto\"}]},{\"@type\":\"WebSite\",\"@id\":\"https:\\\/\\\/punta-cana.us\\\/es\\\/#website\",\"url\":\"https:\\\/\\\/punta-cana.us\\\/es\\\/\",\"name\":\"Trust Realty\",\"description\":\"Punta Cana Real Estate\",\"publisher\":{\"@id\":\"https:\\\/\\\/punta-cana.us\\\/es\\\/#organization\"},\"potentialAction\":[{\"@type\":\"SearchAction\",\"target\":{\"@type\":\"EntryPoint\",\"urlTemplate\":\"https:\\\/\\\/punta-cana.us\\\/es\\\/?s={search_term_string}\"},\"query-input\":{\"@type\":\"PropertyValueSpecification\",\"valueRequired\":true,\"valueName\":\"search_term_string\"}}],\"inLanguage\":\"es\"},{\"@type\":\"Organization\",\"@id\":\"https:\\\/\\\/punta-cana.us\\\/es\\\/#organization\",\"name\":\"Trust Realty\",\"url\":\"https:\\\/\\\/punta-cana.us\\\/es\\\/\",\"logo\":{\"@type\":\"ImageObject\",\"inLanguage\":\"es\",\"@id\":\"https:\\\/\\\/punta-cana.us\\\/es\\\/#\\\/schema\\\/logo\\\/image\\\/\",\"url\":\"https:\\\/\\\/punta-cana.us\\\/wp-content\\\/uploads\\\/2023\\\/09\\\/ttt-mobile-dr.png\",\"contentUrl\":\"https:\\\/\\\/punta-cana.us\\\/wp-content\\\/uploads\\\/2023\\\/09\\\/ttt-mobile-dr.png\",\"width\":875,\"height\":193,\"caption\":\"Trust Realty\"},\"image\":{\"@id\":\"https:\\\/\\\/punta-cana.us\\\/es\\\/#\\\/schema\\\/logo\\\/image\\\/\"}}]}<\/script>\n<!-- \/ Yoast SEO plugin. -->","yoast_head_json":{"title":"Contacto Trust Realty Punta Cana","description":"Descubra la inmobiliaria local y encuentre la propiedad perfecta en Punta Cana gracias a Trust Realty. Contacte con Andy Schlenker para sus necesidades inmobiliarias en la Rep\u00fablica Dominicana. P\u00f3ngase en contacto con Trust Realty hoy mismo.","robots":{"index":"index","follow":"follow","max-snippet":"max-snippet:-1","max-image-preview":"max-image-preview:large","max-video-preview":"max-video-preview:-1"},"canonical":"https:\/\/punta-cana.us\/es\/pongase-en-contacto-con\/","og_locale":"es_ES","og_type":"article","og_title":"Contacto Trust Realty - Tu Socio en Bienes Ra\u00edces","og_description":"Asesor\u00eda experta en bienes ra\u00edces en Punta Cana. Cont\u00e1ctanos.","og_url":"https:\/\/punta-cana.us\/es\/pongase-en-contacto-con\/","og_site_name":"Trust Realty","article_modified_time":"2023-09-29T21:35:06+00:00","og_image":[{"width":668,"height":450,"url":"https:\/\/punta-cana.us\/wp-content\/uploads\/2023\/10\/bavaro-punta-cana.jpg","type":"image\/jpeg"}],"twitter_card":"summary_large_image","twitter_title":"Contacto Trust Realty - Tu Socio en Bienes Ra\u00edces","twitter_description":"Asesor\u00eda experta en bienes ra\u00edces en Punta Cana. Cont\u00e1ctanos.","twitter_misc":{"Tiempo de lectura":"2 minutos"},"schema":{"@context":"https:\/\/schema.org","@graph":[{"@type":"WebPage","@id":"https:\/\/punta-cana.us\/es\/pongase-en-contacto-con\/","url":"https:\/\/punta-cana.us\/es\/pongase-en-contacto-con\/","name":"Contacto Trust Realty Punta Cana","isPartOf":{"@id":"https:\/\/punta-cana.us\/es\/#website"},"datePublished":"2020-03-02T10:27:05+00:00","dateModified":"2023-09-29T21:35:06+00:00","description":"Descubra la inmobiliaria local y encuentre la propiedad perfecta en Punta Cana gracias a Trust Realty. Contacte con Andy Schlenker para sus necesidades inmobiliarias en la Rep\u00fablica Dominicana. P\u00f3ngase en contacto con Trust Realty hoy mismo.","breadcrumb":{"@id":"https:\/\/punta-cana.us\/es\/pongase-en-contacto-con\/#breadcrumb"},"inLanguage":"es","potentialAction":[{"@type":"ReadAction","target":["https:\/\/punta-cana.us\/es\/pongase-en-contacto-con\/"]}]},{"@type":"BreadcrumbList","@id":"https:\/\/punta-cana.us\/es\/pongase-en-contacto-con\/#breadcrumb","itemListElement":[{"@type":"ListItem","position":1,"name":"Home","item":"https:\/\/punta-cana.us\/es\/"},{"@type":"ListItem","position":2,"name":"Contacto"}]},{"@type":"WebSite","@id":"https:\/\/punta-cana.us\/es\/#website","url":"https:\/\/punta-cana.us\/es\/","name":"Trust Realty","description":"Punta Cana Real Estate","publisher":{"@id":"https:\/\/punta-cana.us\/es\/#organization"},"potentialAction":[{"@type":"SearchAction","target":{"@type":"EntryPoint","urlTemplate":"https:\/\/punta-cana.us\/es\/?s={search_term_string}"},"query-input":{"@type":"PropertyValueSpecification","valueRequired":true,"valueName":"search_term_string"}}],"inLanguage":"es"},{"@type":"Organization","@id":"https:\/\/punta-cana.us\/es\/#organization","name":"Trust Realty","url":"https:\/\/punta-cana.us\/es\/","logo":{"@type":"ImageObject","inLanguage":"es","@id":"https:\/\/punta-cana.us\/es\/#\/schema\/logo\/image\/","url":"https:\/\/punta-cana.us\/wp-content\/uploads\/2023\/09\/ttt-mobile-dr.png","contentUrl":"https:\/\/punta-cana.us\/wp-content\/uploads\/2023\/09\/ttt-mobile-dr.png","width":875,"height":193,"caption":"Trust Realty"},"image":{"@id":"https:\/\/punta-cana.us\/es\/#\/schema\/logo\/image\/"}}]}},"_links":{"self":[{"href":"https:\/\/punta-cana.us\/es\/wp-json\/wp\/v2\/pages\/21356","targetHints":{"allow":["GET"]}}],"collection":[{"href":"https:\/\/punta-cana.us\/es\/wp-json\/wp\/v2\/pages"}],"about":[{"href":"https:\/\/punta-cana.us\/es\/wp-json\/wp\/v2\/types\/page"}],"author":[{"embeddable":true,"href":"https:\/\/punta-cana.us\/es\/wp-json\/wp\/v2\/users\/1"}],"replies":[{"embeddable":true,"href":"https:\/\/punta-cana.us\/es\/wp-json\/wp\/v2\/comments?post=21356"}],"version-history":[{"count":0,"href":"https:\/\/punta-cana.us\/es\/wp-json\/wp\/v2\/pages\/21356\/revisions"}],"wp:attachment":[{"href":"https:\/\/punta-cana.us\/es\/wp-json\/wp\/v2\/media?parent=21356"}],"curies":[{"name":"wp","href":"https:\/\/api.w.org\/{rel}","templated":true}]}}